{"id":145,"date":"2019-11-30T01:19:08","date_gmt":"2019-11-29T22:19:08","guid":{"rendered":"http:\/\/hotel1870.com\/site\/?page_id=145"},"modified":"2022-08-24T06:36:01","modified_gmt":"2022-08-24T03:36:01","slug":"hakkimizda","status":"publish","type":"page","link":"https:\/\/hotel1870.com\/en\/hakkimizda\/","title":{"rendered":"ABOUT US"},"content":{"rendered":"<p>[vc_row css=&#8221;.vc_custom_1575068249101{padding-top: 25px !important;}&#8221;][vc_column][vc_row_inner][vc_column_inner][vc_column_text]<\/p>\n<p style=\"text-align: center;\">As business people working very hard in the chaos of metropolitan life, we finally achieved a great dream of ours. An elegant and comfortable boutique hotel in a historic structure with a well-preserved texture reflecting its past\u2026 After long years of searching we finally started to discover the structures that we can make our dreams reality.<\/p>\n<p style=\"text-align: center;\">We are bringing this stone mansion, which has survived since the historical Urla and hosted many memories, to you with its historical characteristics intact. 1870&#8217;s Ta\u015f Konak &#8211; \u00dc\u00e7 Oda, resembling a museum with its architecture and concept, takes you back in time. We didn\u2019t miss even the tiniest detail in our hotel, located in one of the historical neighborhoods of Urla, so that you, our esteemed guests, can experience the atmosphere of the past.<\/p>\n<p style=\"text-align: center;\">We, as 1870&#8217;s Ta\u015f Konak Hotels, continue to expand our family with houses of the same concept and similar architecture. 1870 Ta\u015f Konak Otel \u2013 \u00dc\u00e7 Oda is our third hotel in which we have found the opportunity to achieve our dreams. A unique and enjoyable experience awaits our guests stepping into our hotels with their architecture, concept and fine details to be seen at every corner of the hotels.<\/p>\n<p>[\/vc_column_text][\/vc_column_inner][\/vc_row_inner][\/vc_column][\/vc_row]<\/p>","protected":false},"excerpt":{"rendered":"<p>[vc_row css=&#8221;.vc_custom_1575068249101{padding-top: 25px !important;}&#8221;][vc_column][vc_row_inner][vc_column_inner][vc_column_text] As business people working very hard in the chaos of metropolitan life, we finally achieved a great dream of ours. An elegant and comfortable boutique hotel in a historic structure with a well-preserved texture reflecting its past\u2026 After long years of searching we finally started to discover the structures that we [&hellip;]<\/p>\n","protected":false},"author":1,"featured_media":0,"parent":0,"menu_order":0,"comment_status":"closed","ping_status":"closed","template":"","meta":[],"aioseo_notices":[],"_links":{"self":[{"href":"https:\/\/hotel1870.com\/en\/wp-json\/wp\/v2\/pages\/145"}],"collection":[{"href":"https:\/\/hotel1870.com\/en\/wp-json\/wp\/v2\/pages"}],"about":[{"href":"https:\/\/hotel1870.com\/en\/wp-json\/wp\/v2\/types\/page"}],"author":[{"embeddable":true,"href":"https:\/\/hotel1870.com\/en\/wp-json\/wp\/v2\/users\/1"}],"replies":[{"embeddable":true,"href":"https:\/\/hotel1870.com\/en\/wp-json\/wp\/v2\/comments?post=145"}],"version-history":[{"count":12,"href":"https:\/\/hotel1870.com\/en\/wp-json\/wp\/v2\/pages\/145\/revisions"}],"predecessor-version":[{"id":1183,"href":"https:\/\/hotel1870.com\/en\/wp-json\/wp\/v2\/pages\/145\/revisions\/1183"}],"wp:attachment":[{"href":"https:\/\/hotel1870.com\/en\/wp-json\/wp\/v2\/media?parent=145"}],"curies":[{"name":"wp","href":"https:\/\/api.w.org\/{rel}","templated":true}]}}